{"id":6037,"date":"2015-03-02T09:23:39","date_gmt":"2015-03-02T09:23:39","guid":{"rendered":"http:\/\/192.168.1.121\/wordpress.mu\/howfresh\/?page_id=6037"},"modified":"2024-03-23T13:41:36","modified_gmt":"2024-03-23T06:41:36","slug":"news","status":"publish","type":"page","link":"https:\/\/dlartgarden.com\/en\/news\/","title":{"rendered":"News Feed"},"content":{"rendered":"<div class=\"gridblock-columns-wrap gridblock-timeline-block clearfix\"><div id=\"gridblock-timeline\" class=\"gridblock-two\"><div class=\"blog-timeline-month-wrap clearfix\"><div class=\"blog-timeline-month\">23\/05\/2025<\/div><\/div><div class=\"blog-grid-element animation-standby animated fadeInUp blog-grid-element-left gridblock-element gridblock-col-1\"><div class=\"blog-grid-element-inner timeline-format-standard\"><div class=\"post-format-media\"><a class=\"postsummaryimage\" href=\"https:\/\/dlartgarden.com\/en\/com-vuon-dlart\/\"><img decoding=\"async\" src=\"https:\/\/dlartgarden.com\/wp-content\/uploads\/2025\/05\/499995101.jpg\" alt=\"C\u01a1m tr\u01b0a v\u0103n ph\u00f2ng qu\u1eadn 1\" \/><\/a><\/div><div class=\"summary-info\"><div class=\"summary-date\"><i class=\"feather-icon-clock\"><\/i> 23\/05\/2025<\/div><div class=\"summary-comment\"><\/div><\/div><div class=\"blog-grid-element-content\"><div class=\"work-details\"><h4><a href=\"https:\/\/dlartgarden.com\/en\/com-vuon-dlart\/\" rel=\"bookmark\" title=\"C\u01a1m v\u01b0\u1eddn D&#8217;Lart\">C\u01a1m v\u01b0\u1eddn D&#8217;Lart<\/a><\/h4><div class=\"entry-content work-description\">Tr\u0103m ng\u00e0n l\u1ea7n \u0111\u1ee9ng t\u1ea7n ng\u1ea7n trong b\u1ebfp l\u00ean th\u1ef1c \u0111\u01a1n c\u01a1m \u1edf v\u01b0\u1eddn,...<\/div><\/div><\/div><\/div><\/div><div class=\"blog-timeline-month-wrap clearfix\"><div class=\"blog-timeline-month\">15\/04\/2025<\/div><\/div><div class=\"blog-grid-element animation-standby animated fadeInUp blog-grid-element-left gridblock-element gridblock-col-2\"><div class=\"blog-grid-element-inner timeline-format-standard\"><div class=\"summary-info\"><div class=\"summary-date\"><i class=\"feather-icon-clock\"><\/i> 15\/04\/2025<\/div><div class=\"summary-comment\"><\/div><\/div><div class=\"blog-grid-element-content\"><div class=\"work-details\"><h4><a href=\"https:\/\/dlartgarden.com\/en\/chung-ta-khong-thieu-nguoi-de-tro-chuyen\/\" rel=\"bookmark\" title=\"Ch\u00fang ta kh\u00f4ng thi\u1ebfu ng\u01b0\u1eddi \u0111\u1ec3 tr\u00f2 chuy\u1ec7n\">Ch\u00fang ta kh\u00f4ng thi\u1ebfu ng\u01b0\u1eddi \u0111\u1ec3 tr\u00f2 chuy\u1ec7n<\/a><\/h4><div class=\"entry-content work-description\">Ch\u00fang ta kh\u00f4ng thi\u1ebfu ng\u01b0\u1eddi \u0111\u1ec3 tr\u00f2 chuy\u1ec7n. Ch\u00fang ta ch\u1ec9 thi\u1ebfu nh\u1eefng cu\u1ed9c...<\/div><\/div><\/div><\/div><\/div><div class=\"blog-timeline-month-wrap clearfix\"><div class=\"blog-timeline-month\">15\/06\/2024<\/div><\/div><div class=\"blog-grid-element animation-standby animated fadeInUp blog-grid-element-left gridblock-element gridblock-col-1\"><div class=\"blog-grid-element-inner timeline-format-standard\"><div class=\"post-format-media\"><a class=\"postsummaryimage\" href=\"https:\/\/dlartgarden.com\/en\/ngay-cua-cha-noi-loi-yeu-thuong-voi-cha-khi-con-co-the\/\"><img decoding=\"async\" src=\"https:\/\/dlartgarden.com\/wp-content\/uploads\/2024\/06\/nhungloichamuonnoivoicon-1310x724.webp\" alt=\"Talkshow - Nh\u1eefng l\u1eddi cha mu\u1ed1n n\u00f3i v\u1edbi con\" \/><\/a><\/div><div class=\"summary-info\"><div class=\"summary-date\"><i class=\"feather-icon-clock\"><\/i> 15\/06\/2024<\/div><div class=\"summary-comment\"><\/div><\/div><div class=\"blog-grid-element-content\"><div class=\"work-details\"><h4><a href=\"https:\/\/dlartgarden.com\/en\/ngay-cua-cha-noi-loi-yeu-thuong-voi-cha-khi-con-co-the\/\" rel=\"bookmark\" title=\"Ng\u00e0y c\u1ee7a cha: N\u00f3i l\u1eddi y\u00eau th\u01b0\u01a1ng v\u1edbi cha khi c\u00f2n c\u00f3 th\u1ec3\">Ng\u00e0y c\u1ee7a cha: N\u00f3i l\u1eddi y\u00eau th\u01b0\u01a1ng v\u1edbi cha khi c\u00f2n c\u00f3 th\u1ec3<\/a><\/h4><div class=\"entry-content work-description\">Ban t\u1ed5 ch\u1ee9c d\u1ef1 \u00e1n C\u00f9ng con \u0111i kh\u1eafp th\u1ebf gian t\u1ed5 ch\u1ee9c bu\u1ed5i...<\/div><\/div><\/div><\/div><\/div><div class=\"blog-timeline-month-wrap clearfix\"><div class=\"blog-timeline-month\">17\/03\/2024<\/div><\/div><div class=\"blog-grid-element animation-standby animated fadeInUp blog-grid-element-left gridblock-element gridblock-col-2\"><div class=\"blog-grid-element-inner timeline-format-image\"><div class=\"post-format-media\"><a class=\"lightbox-active lightbox-image postformat-image-lightbox\" data-src=\"https:\/\/dlartgarden.com\/wp-content\/uploads\/2024\/03\/432767308.jpg\" href=\"https:\/\/dlartgarden.com\/wp-content\/uploads\/2024\/03\/432767308.jpg\"><span class=\"lightbox-indicate\"><i class=\"feather-icon-maximize\"><\/i><\/span><img decoding=\"async\" src=\"https:\/\/dlartgarden.com\/wp-content\/uploads\/2024\/03\/432767308.jpg\" alt=\"\" class=\"postformat-image\"\/><\/a><\/div><div class=\"summary-info\"><div class=\"summary-date\"><i class=\"feather-icon-clock\"><\/i> 17\/03\/2024<\/div><div class=\"summary-comment\"><\/div><\/div><div class=\"blog-grid-element-content\"><div class=\"work-details\"><h4><a href=\"https:\/\/dlartgarden.com\/en\/khong-ai-trong-chung-ta-phai-co-don-ca\/\" rel=\"bookmark\" title=\"Kh\u00f4ng ai trong ch\u00fang ta ph\u1ea3i c\u00f4 \u0111\u01a1n c\u1ea3!\">Kh\u00f4ng ai trong ch\u00fang ta ph\u1ea3i c\u00f4 \u0111\u01a1n c\u1ea3!<\/a><\/h4><div class=\"entry-content work-description\">Khu v\u01b0\u1eddn \u0111\u1ea7y hoa th\u01a1m, c\u1ecf l\u00e1 v\u1edbi th\u1eddi ti\u1ebft d\u1ec5 ch\u1ecbu nh\u01b0 h\u00f4m...<\/div><\/div><\/div><\/div><\/div><div class=\"blog-grid-element animation-standby animated fadeInUp blog-grid-element-right gridblock-element gridblock-col-1\"><div class=\"blog-grid-element-inner timeline-format-image\"><div class=\"post-format-media\"><a class=\"lightbox-active lightbox-image postformat-image-lightbox\" data-src=\"https:\/\/dlartgarden.com\/wp-content\/uploads\/2024\/03\/432527297.jpg\" href=\"https:\/\/dlartgarden.com\/wp-content\/uploads\/2024\/03\/432527297.jpg\"><span class=\"lightbox-indicate\"><i class=\"feather-icon-maximize\"><\/i><\/span><img decoding=\"async\" src=\"https:\/\/dlartgarden.com\/wp-content\/uploads\/2024\/03\/432527297-1310x983.jpg\" alt=\"\" class=\"postformat-image\"\/><\/a><\/div><div class=\"summary-info\"><div class=\"summary-date\"><i class=\"feather-icon-clock\"><\/i> 17\/03\/2024<\/div><div class=\"summary-comment\"><\/div><\/div><div class=\"blog-grid-element-content\"><div class=\"work-details\"><h4><a href=\"https:\/\/dlartgarden.com\/en\/mot-ngay-hoa-la-o-vuon\/\" rel=\"bookmark\" title=\"M\u1ed8T NG\u00c0Y HOA L\u00c1 \u1ede V\u01af\u1edcN\ud83c\udf31\">M\u1ed8T NG\u00c0Y HOA L\u00c1 \u1ede V\u01af\u1edcN\ud83c\udf31<\/a><\/h4><div class=\"entry-content work-description\">Gi\u00e0n hoa gi\u1ea5y sau m\u1ed9t th\u1eddi gian chi\u1ebfm &#8220;Spotlight&#8221; trong v\u00f2ng 2 th\u00e1ng qua...<\/div><\/div><\/div><\/div><\/div><div class=\"blog-grid-element animation-standby animated fadeInUp blog-grid-element-left gridblock-element gridblock-col-2\"><div class=\"blog-grid-element-inner timeline-format-standard\"><div class=\"summary-info\"><div class=\"summary-date\"><i class=\"feather-icon-clock\"><\/i> 08\/03\/2024<\/div><div class=\"summary-comment\"><\/div><\/div><div class=\"blog-grid-element-content\"><div class=\"work-details\"><h4><a href=\"https:\/\/dlartgarden.com\/en\/happy-womens-day\/\" rel=\"bookmark\" title=\"Happy Women&#8217;s Day\">Happy Women&#8217;s Day<\/a><\/h4><div class=\"entry-content work-description\">Hoa n\u1edf, v\u01b0\u1eddn nh\u01b0 m\u1ed9t b\u00f3 h\u1ed3ng h\u1ed3ng tr\u1eafng tr\u1eafng kh\u1ed5ng l\u1ed3 d\u00e0nh t\u1eb7ng...<\/div><\/div><\/div><\/div><\/div><div class=\"blog-timeline-month-wrap clearfix\"><div class=\"blog-timeline-month\">29\/02\/2024<\/div><\/div><div class=\"blog-grid-element animation-standby animated fadeInUp blog-grid-element-left gridblock-element gridblock-col-1\"><div class=\"blog-grid-element-inner timeline-format-standard\"><div class=\"post-format-media\"><a class=\"postsummaryimage\" href=\"https:\/\/dlartgarden.com\/en\/tra-chieu-xom-tu-tai-dlart-garden-sai-gon\/\"><img decoding=\"async\" src=\"https:\/\/dlartgarden.com\/wp-content\/uploads\/2022\/09\/429787118-1310x1310.jpg\" alt=\"\" \/><\/a><\/div><div class=\"summary-info\"><div class=\"summary-date\"><i class=\"feather-icon-clock\"><\/i> 29\/02\/2024<\/div><div class=\"summary-comment\"><\/div><\/div><div class=\"blog-grid-element-content\"><div class=\"work-details\"><h4><a href=\"https:\/\/dlartgarden.com\/en\/tra-chieu-xom-tu-tai-dlart-garden-sai-gon\/\" rel=\"bookmark\" title=\"TR\u00c0 CHI\u1ec0U X\u00d4M T\u1ee4 t\u1ea1i D\u2019LART GARDEN S\u00c0I G\u00d2N\">TR\u00c0 CHI\u1ec0U X\u00d4M T\u1ee4 t\u1ea1i D\u2019LART GARDEN S\u00c0I G\u00d2N<\/a><\/h4><div class=\"entry-content work-description\">Ch\u00e0o n\u0103m m\u1edbi c\u1ea3 nh\u00e0! Nh\u1eefng ng\u00e0y \u0111\u1ea7u n\u0103m c\u1ee7a m\u1ecdi ng\u01b0\u1eddi th\u1ebf n\u00e0o...<\/div><\/div><\/div><\/div><\/div><div class=\"blog-grid-element animation-standby animated fadeInUp blog-grid-element-right gridblock-element gridblock-col-2\"><div class=\"blog-grid-element-inner timeline-format-standard\"><div class=\"post-format-media\"><a class=\"postsummaryimage\" href=\"https:\/\/dlartgarden.com\/en\/mo-ban-com-nieu-o-vuon\/\"><img decoding=\"async\" src=\"https:\/\/dlartgarden.com\/wp-content\/uploads\/2022\/09\/428690729-1310x1964.jpg\" alt=\"\" \/><\/a><\/div><div class=\"summary-info\"><div class=\"summary-date\"><i class=\"feather-icon-clock\"><\/i> 28\/02\/2024<\/div><div class=\"summary-comment\"><\/div><\/div><div class=\"blog-grid-element-content\"><div class=\"work-details\"><h4><a href=\"https:\/\/dlartgarden.com\/en\/mo-ban-com-nieu-o-vuon\/\" rel=\"bookmark\" title=\"M\u1edf b\u00e1n C\u01a1m Ni\u00eau \u1edf v\u01b0\u1eddn\">M\u1edf b\u00e1n C\u01a1m Ni\u00eau \u1edf v\u01b0\u1eddn<\/a><\/h4><div class=\"entry-content work-description\">B\u1ebfp \u1edf v\u01b0\u1eddn m\u1ed7i s\u00e1ng t\u1ea5t b\u1eadt lu\u00f4n tay \u0111\u1ec3 l\u00e0m ra b\u1eefa c\u01a1m...<\/div><\/div><\/div><\/div><\/div><\/div><\/div>","protected":false},"excerpt":{"rendered":"","protected":false},"author":1,"featured_media":0,"parent":0,"menu_order":0,"comment_status":"closed","ping_status":"closed","template":"","meta":{"_monsterinsights_skip_tracking":false,"_monsterinsights_sitenote_active":false,"_monsterinsights_sitenote_note":"","_monsterinsights_sitenote_category":0,"footnotes":""},"class_list":["post-6037","page","type-page","status-publish","hentry"],"aioseo_notices":[],"_links":{"self":[{"href":"https:\/\/dlartgarden.com\/en\/wp-json\/wp\/v2\/pages\/6037","targetHints":{"allow":["GET"]}}],"collection":[{"href":"https:\/\/dlartgarden.com\/en\/wp-json\/wp\/v2\/pages"}],"about":[{"href":"https:\/\/dlartgarden.com\/en\/wp-json\/wp\/v2\/types\/page"}],"author":[{"embeddable":true,"href":"https:\/\/dlartgarden.com\/en\/wp-json\/wp\/v2\/users\/1"}],"replies":[{"embeddable":true,"href":"https:\/\/dlartgarden.com\/en\/wp-json\/wp\/v2\/comments?post=6037"}],"version-history":[{"count":4,"href":"https:\/\/dlartgarden.com\/en\/wp-json\/wp\/v2\/pages\/6037\/revisions"}],"predecessor-version":[{"id":12199,"href":"https:\/\/dlartgarden.com\/en\/wp-json\/wp\/v2\/pages\/6037\/revisions\/12199"}],"wp:attachment":[{"href":"https:\/\/dlartgarden.com\/en\/wp-json\/wp\/v2\/media?parent=6037"}],"curies":[{"name":"wp","href":"https:\/\/api.w.org\/{rel}","templated":true}]}}